{"id":2090,"date":"2023-03-02T21:54:55","date_gmt":"2023-03-02T21:54:55","guid":{"rendered":"https:\/\/preview.codeless.co\/converta\/default\/?page_id=2090"},"modified":"2024-10-04T09:53:14","modified_gmt":"2024-10-04T15:53:14","slug":"contact-us","status":"publish","type":"page","link":"https:\/\/www.omnisoft.com.mx\/cms\/contactanos\/","title":{"rendered":"Cont\u00e1ctanos"},"content":{"rendered":"\t\t<div data-elementor-type=\"wp-page\" data-elementor-id=\"2090\" class=\"elementor elementor-2090\">\n\t\t\t\t<div class=\"elementor-element elementor-element-c171fbb e-flex e-con-boxed e-con e-parent\" data-id=\"c171fbb\" data-element_type=\"container\">\n\t\t\t\t\t<div class=\"e-con-inner\">\n\t\t<div class=\"elementor-element elementor-element-2797e41 e-con-full e-flex e-con e-child\" data-id=\"2797e41\" data-element_type=\"container\">\n\t\t\t\t<div class=\"elementor-element elementor-element-17c341c elementor-widget elementor-widget-image\" data-id=\"17c341c\" data-element_type=\"widget\" data-widget_type=\"image.default\">\n\t\t\t\t<div class=\"elementor-widget-container\">\n\t\t\t\t\t\t\t\t\t\t\t\t\t\t\t<img fetchpriority=\"high\" decoding=\"async\" width=\"1024\" height=\"834\" src=\"https:\/\/www.omnisoft.com.mx\/cms\/wp-content\/uploads\/2024\/09\/contactanos-1024x834.jpg\" class=\"attachment-large size-large wp-image-2868\" alt=\"\" srcset=\"https:\/\/www.omnisoft.com.mx\/cms\/wp-content\/uploads\/2024\/09\/contactanos-1024x834.jpg 1024w, https:\/\/www.omnisoft.com.mx\/cms\/wp-content\/uploads\/2024\/09\/contactanos-300x244.jpg 300w, https:\/\/www.omnisoft.com.mx\/cms\/wp-content\/uploads\/2024\/09\/contactanos-768x626.jpg 768w, https:\/\/www.omnisoft.com.mx\/cms\/wp-content\/uploads\/2024\/09\/contactanos.jpg 1257w\" sizes=\"(max-width: 1024px) 100vw, 1024px\" \/>\t\t\t\t\t\t\t\t\t\t\t\t\t\t\t<\/div>\n\t\t\t\t<\/div>\n\t\t\t\t<\/div>\n\t\t<div class=\"elementor-element elementor-element-c43b97c e-con-full e-flex e-con e-child\" data-id=\"c43b97c\" data-element_type=\"container\">\n\t\t\t\t<div class=\"elementor-element elementor-element-1e8b12f elementor-widget elementor-widget-heading\" data-id=\"1e8b12f\" data-element_type=\"widget\" data-widget_type=\"heading.default\">\n\t\t\t\t<div class=\"elementor-widget-container\">\n\t\t\t\t\t<h2 class=\"elementor-heading-title elementor-size-default\">Cultiva estrategias para ser efectivo y competitivo<\/h2>\t\t\t\t<\/div>\n\t\t\t\t<\/div>\n\t\t\t\t<div class=\"elementor-element elementor-element-5404eb1 elementor-widget__width-initial elementor-widget elementor-widget-text-editor\" data-id=\"5404eb1\" data-element_type=\"widget\" data-widget_type=\"text-editor.default\">\n\t\t\t\t<div class=\"elementor-widget-container\">\n\t\t\t\t\t\t\t\t\t<p>Todo lo que hacemos tiene un impacto profundo en nuestros clientes.<\/p>\n<p>Creamos soluciones centradas en nuestros clientes y sus empresas buscando la excelencia en cada producto o servicio ofrecido.<\/p>\t\t\t\t\t\t\t\t<\/div>\n\t\t\t\t<\/div>\n\t\t\t\t<\/div>\n\t\t\t\t\t<\/div>\n\t\t\t\t<\/div>\n\t\t<div class=\"elementor-element elementor-element-511d536 e-flex e-con-boxed e-con e-parent\" data-id=\"511d536\" data-element_type=\"container\">\n\t\t\t\t\t<div class=\"e-con-inner\">\n\t\t<div class=\"elementor-element elementor-element-7a4b7db e-flex e-con-boxed e-con e-child\" data-id=\"7a4b7db\" data-element_type=\"container\" data-settings=\"{&quot;background_background&quot;:&quot;classic&quot;}\">\n\t\t\t\t\t<div class=\"e-con-inner\">\n\t\t<div class=\"elementor-element elementor-element-d187dff e-flex e-con-boxed e-con e-child\" data-id=\"d187dff\" data-element_type=\"container\">\n\t\t\t\t\t<div class=\"e-con-inner\">\n\t\t\t\t<div class=\"elementor-element elementor-element-35befb3 elementor-widget__width-initial elementor-widget elementor-widget-heading\" data-id=\"35befb3\" data-element_type=\"widget\" data-widget_type=\"heading.default\">\n\t\t\t\t<div class=\"elementor-widget-container\">\n\t\t\t\t\t<h2 class=\"elementor-heading-title elementor-size-default\">Comencemos la conversaci\u00f3n<\/h2>\t\t\t\t<\/div>\n\t\t\t\t<\/div>\n\t\t\t\t\t<\/div>\n\t\t\t\t<\/div>\n\t\t<div class=\"elementor-element elementor-element-0d145a1 e-con-full e-flex e-con e-child\" data-id=\"0d145a1\" data-element_type=\"container\">\n\t\t<div class=\"elementor-element elementor-element-6be1c9d e-flex e-con-boxed e-con e-child\" data-id=\"6be1c9d\" data-element_type=\"container\">\n\t\t\t\t\t<div class=\"e-con-inner\">\n\t\t\t\t<div class=\"elementor-element elementor-element-6b66616 elementor-widget elementor-widget-google_maps\" data-id=\"6b66616\" data-element_type=\"widget\" data-widget_type=\"google_maps.default\">\n\t\t\t\t<div class=\"elementor-widget-container\">\n\t\t\t\t\t\t\t<div class=\"elementor-custom-embed\">\n\t\t\t<iframe loading=\"lazy\"\n\t\t\t\t\tsrc=\"https:\/\/www.google.com\/maps\/embed\/v1\/place?key=AIzaSyAO48xQwUWQrYf_U1_5qOM90ZxxUrkDjag&#038;q=Vasco%20de%20Gama%2C%20Aguascalientes%2C%20Aguascalientes&#038;zoom=12\"\n\t\t\t\t\ttitle=\"Vasco de Gama, Aguascalientes, Aguascalientes\"\n\t\t\t\t\taria-label=\"Vasco de Gama, Aguascalientes, Aguascalientes\"\n\t\t\t><\/iframe>\n\t\t<\/div>\n\t\t\t\t\t\t<\/div>\n\t\t\t\t<\/div>\n\t\t\t\t\t<\/div>\n\t\t\t\t<\/div>\n\t\t<div class=\"elementor-element elementor-element-e844a1d e-con-full e-flex e-con e-child\" data-id=\"e844a1d\" data-element_type=\"container\" data-settings=\"{&quot;background_background&quot;:&quot;classic&quot;}\">\n\t\t\t\t<div class=\"elementor-element elementor-element-b7485fe elementor-widget elementor-widget-shortcode\" data-id=\"b7485fe\" data-element_type=\"widget\" data-widget_type=\"shortcode.default\">\n\t\t\t\t<div class=\"elementor-widget-container\">\n\t\t\t\t\t\t\t<div class=\"elementor-shortcode\"><style id=\"wpforms-css-vars-2885\">\n\t\t\t\t#wpforms-2885 {\n\t\t\t\t\n\t\t\t}\n\t\t\t<\/style><div class=\"wpforms-container wpforms-container-full wpforms-render-modern\" id=\"wpforms-2885\"><form id=\"wpforms-form-2885\" class=\"wpforms-validate wpforms-form wpforms-ajax-form\" data-formid=\"2885\" method=\"post\" enctype=\"multipart\/form-data\" action=\"\/cms\/wp-json\/wp\/v2\/pages\/2090\" data-token=\"1028c9a29ee963ab3f33af09ad203c4e\" data-token-time=\"1776476298\"><noscript class=\"wpforms-error-noscript\">Por favor, activa JavaScript en tu navegador para completar este formulario.<\/noscript><div id=\"wpforms-error-noscript\" style=\"display: none;\">Por favor, activa JavaScript en tu navegador para completar este formulario.<\/div><div class=\"wpforms-field-container\">\t\t<div id=\"wpforms-2885-field_4-container\"\n\t\t\tclass=\"wpforms-field wpforms-field-text\"\n\t\t\tdata-field-type=\"text\"\n\t\t\tdata-field-id=\"4\"\n\t\t\t>\n\t\t\t<label class=\"wpforms-field-label\" for=\"wpforms-2885-field_4\" >Mensaje Correo electr\u00f3nico<\/label>\n\t\t\t<input type=\"text\" id=\"wpforms-2885-field_4\" class=\"wpforms-field-medium\" name=\"wpforms[fields][4]\" >\n\t\t<\/div>\n\t\t<div id=\"wpforms-2885-field_1-container\" class=\"wpforms-field wpforms-field-name\" data-field-id=\"1\"><fieldset><legend class=\"wpforms-field-label\">Nombre <span class=\"wpforms-required-label\" aria-hidden=\"true\">*<\/span><\/legend><div class=\"wpforms-field-row wpforms-field-large\"><div class=\"wpforms-field-row-block wpforms-first wpforms-one-half\"><input type=\"text\" id=\"wpforms-2885-field_1\" class=\"wpforms-field-name-first wpforms-field-required\" name=\"wpforms[fields][1][first]\" aria-errormessage=\"wpforms-2885-field_1-error\" required><label for=\"wpforms-2885-field_1\" class=\"wpforms-field-sublabel after\">Nombre<\/label><\/div><div class=\"wpforms-field-row-block wpforms-one-half\"><input type=\"text\" id=\"wpforms-2885-field_1-last\" class=\"wpforms-field-name-last wpforms-field-required\" name=\"wpforms[fields][1][last]\" aria-errormessage=\"wpforms-2885-field_1-last-error\" required><label for=\"wpforms-2885-field_1-last\" class=\"wpforms-field-sublabel after\">Apellidos<\/label><\/div><\/div><\/fieldset><\/div><div id=\"wpforms-2885-field_2-container\" class=\"wpforms-field wpforms-field-email\" data-field-id=\"2\"><label class=\"wpforms-field-label\" for=\"wpforms-2885-field_2\">Correo electr\u00f3nico <span class=\"wpforms-required-label\" aria-hidden=\"true\">*<\/span><\/label><input type=\"email\" id=\"wpforms-2885-field_2\" class=\"wpforms-field-large wpforms-field-required\" name=\"wpforms[fields][2]\" spellcheck=\"false\" aria-errormessage=\"wpforms-2885-field_2-error\" required><\/div><div id=\"wpforms-2885-field_3-container\" class=\"wpforms-field wpforms-field-textarea\" data-field-id=\"3\"><label class=\"wpforms-field-label\" for=\"wpforms-2885-field_3\">Mensaje<\/label><textarea id=\"wpforms-2885-field_3\" class=\"wpforms-field-medium\" name=\"wpforms[fields][3]\" aria-errormessage=\"wpforms-2885-field_3-error\" ><\/textarea><\/div><script>\n\t\t\t\t( function() {\n\t\t\t\t\tconst style = document.createElement( 'style' );\n\t\t\t\t\tstyle.appendChild( document.createTextNode( '#wpforms-2885-field_4-container { position: absolute !important; overflow: hidden !important; display: inline !important; height: 1px !important; width: 1px !important; z-index: -1000 !important; padding: 0 !important; } #wpforms-2885-field_4-container input { visibility: hidden; } #wpforms-conversational-form-page #wpforms-2885-field_4-container label { counter-increment: none; }' ) );\n\t\t\t\t\tdocument.head.appendChild( style );\n\t\t\t\t\tdocument.currentScript?.remove();\n\t\t\t\t} )();\n\t\t\t<\/script><\/div><!-- .wpforms-field-container --><div class=\"wpforms-recaptcha-container wpforms-is-hcaptcha\" ><div class=\"h-captcha\" data-sitekey=\"f8b471f6-47d8-45d2-a3c8-ea800d4a02b0\"><\/div><input type=\"text\" name=\"g-recaptcha-hidden\" class=\"wpforms-recaptcha-hidden\" style=\"position:absolute!important;clip:rect(0,0,0,0)!important;height:1px!important;width:1px!important;border:0!important;overflow:hidden!important;padding:0!important;margin:0!important;\" data-rule-hcaptcha=\"1\"><\/div><div class=\"wpforms-submit-container\" ><input type=\"hidden\" name=\"wpforms[id]\" value=\"2885\"><input type=\"hidden\" name=\"page_title\" value=\"\"><input type=\"hidden\" name=\"page_url\" value=\"https:\/\/www.omnisoft.com.mx\/cms\/wp-json\/wp\/v2\/pages\/2090\"><input type=\"hidden\" name=\"url_referer\" value=\"\"><button type=\"submit\" name=\"wpforms[submit]\" id=\"wpforms-submit-2885\" class=\"wpforms-submit\" data-alt-text=\"Enviando...\" data-submit-text=\"Enviar\" aria-live=\"assertive\" value=\"wpforms-submit\">Enviar<\/button><img decoding=\"async\" src=\"https:\/\/www.omnisoft.com.mx\/cms\/wp-content\/plugins\/wpforms-lite\/assets\/images\/submit-spin.svg\" class=\"wpforms-submit-spinner\" style=\"display: none;\" width=\"26\" height=\"26\" alt=\"Cargando\"><\/div><\/form><\/div>  <!-- .wpforms-container --><\/div>\n\t\t\t\t\t\t<\/div>\n\t\t\t\t<\/div>\n\t\t\t\t<\/div>\n\t\t\t\t<\/div>\n\t\t<div class=\"elementor-element elementor-element-828c527 e-con-full e-flex e-con e-child\" data-id=\"828c527\" data-element_type=\"container\">\n\t\t<div class=\"elementor-element elementor-element-46b2c5f e-con-full e-flex e-con e-child\" data-id=\"46b2c5f\" data-element_type=\"container\" data-settings=\"{&quot;background_background&quot;:&quot;classic&quot;}\">\n\t\t\t\t<div class=\"elementor-element elementor-element-483f63f elementor-view-stacked elementor-shape-circle elementor-position-top elementor-mobile-position-top elementor-widget elementor-widget-icon-box\" data-id=\"483f63f\" data-element_type=\"widget\" data-widget_type=\"icon-box.default\">\n\t\t\t\t<div class=\"elementor-widget-container\">\n\t\t\t\t\t\t\t<div class=\"elementor-icon-box-wrapper\">\n\n\t\t\t\t\t\t<div class=\"elementor-icon-box-icon\">\n\t\t\t\t<span  class=\"elementor-icon\">\n\t\t\t\t<svg xmlns=\"http:\/\/www.w3.org\/2000\/svg\" width=\"17\" height=\"25\" viewBox=\"0 0 17 25\" fill=\"none\"><path d=\"M8.385 0C3.74929 0 0 3.81211 0 8.52548C0 14.9196 8.385 24.3585 8.385 24.3585C8.385 24.3585 16.77 14.9196 16.77 8.52548C16.77 3.81211 13.0207 0 8.385 0ZM8.385 11.5703C7.59077 11.5703 6.82907 11.2495 6.26747 10.6785C5.70586 10.1075 5.39036 9.33301 5.39036 8.52548C5.39036 7.71794 5.70586 6.94348 6.26747 6.37247C6.82907 5.80146 7.59077 5.48066 8.385 5.48066C9.17923 5.48066 9.94093 5.80146 10.5025 6.37247C11.0641 6.94348 11.3796 7.71794 11.3796 8.52548C11.3796 9.33301 11.0641 10.1075 10.5025 10.6785C9.94093 11.2495 9.17923 11.5703 8.385 11.5703Z\" fill=\"white\"><\/path><\/svg>\t\t\t\t<\/span>\n\t\t\t<\/div>\n\t\t\t\n\t\t\t\t\t\t<div class=\"elementor-icon-box-content\">\n\n\t\t\t\t\n\t\t\t\t\t\t\t\t\t<p class=\"elementor-icon-box-description\">\n\t\t\t\t\t\tVasco de Gama 320, C.P. 20000<br>Aguascalientes, Aguascalientes.\t\t\t\t\t<\/p>\n\t\t\t\t\n\t\t\t<\/div>\n\t\t\t\n\t\t<\/div>\n\t\t\t\t\t\t<\/div>\n\t\t\t\t<\/div>\n\t\t\t\t<\/div>\n\t\t<div class=\"elementor-element elementor-element-e452a4b e-con-full e-flex e-con e-child\" data-id=\"e452a4b\" data-element_type=\"container\" data-settings=\"{&quot;background_background&quot;:&quot;classic&quot;}\">\n\t\t\t\t<div class=\"elementor-element elementor-element-4e04f2c elementor-view-stacked elementor-shape-circle elementor-position-top elementor-mobile-position-top elementor-widget elementor-widget-icon-box\" data-id=\"4e04f2c\" data-element_type=\"widget\" data-widget_type=\"icon-box.default\">\n\t\t\t\t<div class=\"elementor-widget-container\">\n\t\t\t\t\t\t\t<div class=\"elementor-icon-box-wrapper\">\n\n\t\t\t\t\t\t<div class=\"elementor-icon-box-icon\">\n\t\t\t\t<span  class=\"elementor-icon\">\n\t\t\t\t<svg xmlns=\"http:\/\/www.w3.org\/2000\/svg\" width=\"22\" height=\"15\" viewBox=\"0 0 22 15\" fill=\"none\"><path d=\"M0.452861 1.20474C3.42973 3.50593 8.6532 7.5544 10.1884 8.81673C10.3945 8.9871 10.6156 9.07371 10.8451 9.07371C11.0741 9.07371 11.2948 8.98791 11.5004 8.81835C13.037 7.55479 18.2604 3.50593 21.2373 1.20474C21.4227 1.06175 21.4509 0.810407 21.3009 0.635588C20.954 0.231622 20.4368 0 19.8826 0H1.8076C1.25336 0 0.736145 0.231622 0.389316 0.635627C0.239266 0.810407 0.267522 1.06175 0.452861 1.20474Z\" fill=\"white\"><\/path><path d=\"M21.4279 2.44959C21.2677 2.38153 21.0793 2.40527 20.946 2.50921C17.6447 5.06371 13.4314 8.33805 12.1057 9.42837C11.3617 10.0414 10.3291 10.0414 9.58334 9.42756C8.17035 8.26551 3.43888 4.59404 0.743984 2.50917C0.609819 2.40523 0.420964 2.3823 0.262102 2.44955C0.102392 2.51726 0 2.66307 0 2.82378V13.1965C0 14.1064 0.810621 14.8464 1.80751 14.8464H19.8825C20.8794 14.8464 21.69 14.1064 21.69 13.1965V2.82378C21.69 2.66307 21.5876 2.51687 21.4279 2.44959Z\" fill=\"white\"><\/path><\/svg>\t\t\t\t<\/span>\n\t\t\t<\/div>\n\t\t\t\n\t\t\t\t\t\t<div class=\"elementor-icon-box-content\">\n\n\t\t\t\t\n\t\t\t\t\t\t\t\t\t<p class=\"elementor-icon-box-description\">\n\t\t\t\t\t\tcontacto@omnisoft.com.mx<br>ventas@omnisoft.com.mx\t\t\t\t\t<\/p>\n\t\t\t\t\n\t\t\t<\/div>\n\t\t\t\n\t\t<\/div>\n\t\t\t\t\t\t<\/div>\n\t\t\t\t<\/div>\n\t\t\t\t<\/div>\n\t\t\t\t<\/div>\n\t\t\t\t\t<\/div>\n\t\t\t\t<\/div>\n\t\t\t\t\t<\/div>\n\t\t\t\t<\/div>\n\t\t<div class=\"elementor-element elementor-element-a43ab81 e-flex e-con-boxed e-con e-parent\" data-id=\"a43ab81\" data-element_type=\"container\">\n\t\t\t\t\t<div class=\"e-con-inner\">\n\t\t<div class=\"elementor-element elementor-element-0ccf0c9 e-flex e-con-boxed e-con e-child\" data-id=\"0ccf0c9\" data-element_type=\"container\">\n\t\t\t\t\t<div class=\"e-con-inner\">\n\t\t\t\t<div class=\"elementor-element elementor-element-eb55865 elementor-widget__width-initial elementor-widget elementor-widget-heading\" data-id=\"eb55865\" data-element_type=\"widget\" data-widget_type=\"heading.default\">\n\t\t\t\t<div class=\"elementor-widget-container\">\n\t\t\t\t\t<h2 class=\"elementor-heading-title elementor-size-default\">Consulta nuestros servicios<\/h2>\t\t\t\t<\/div>\n\t\t\t\t<\/div>\n\t\t\t\t\t<\/div>\n\t\t\t\t<\/div>\n\t\t<div class=\"elementor-element elementor-element-3c05a46 e-con-full e-flex e-con e-child\" data-id=\"3c05a46\" data-element_type=\"container\">\n\t\t<div class=\"elementor-element elementor-element-876b269 e-flex e-con-boxed elementor-invisible e-con e-child\" data-id=\"876b269\" data-element_type=\"container\" data-settings=\"{&quot;animation&quot;:&quot;fadeInUp&quot;,&quot;animation_delay&quot;:100,&quot;background_background&quot;:&quot;classic&quot;}\">\n\t\t\t\t\t<div class=\"e-con-inner\">\n\t\t\t\t<div class=\"elementor-element elementor-element-1519095 elementor-view-default elementor-widget elementor-widget-icon\" data-id=\"1519095\" data-element_type=\"widget\" data-widget_type=\"icon.default\">\n\t\t\t\t<div class=\"elementor-widget-container\">\n\t\t\t\t\t\t\t<div class=\"elementor-icon-wrapper\">\n\t\t\t<div class=\"elementor-icon\">\n\t\t\t<svg xmlns=\"http:\/\/www.w3.org\/2000\/svg\" width=\"56\" height=\"56\" viewBox=\"0 0 56 56\" fill=\"none\"><rect width=\"56\" height=\"56\" rx=\"10\" fill=\"#2ACCFF\"><\/rect><rect opacity=\"0.6\" x=\"6\" y=\"7\" width=\"19.6\" height=\"42\" rx=\"9.8\" fill=\"white\"><\/rect><rect x=\"29.8008\" y=\"7\" width=\"19.6\" height=\"19.6\" rx=\"9.8\" fill=\"white\"><\/rect><\/svg>\t\t\t<\/div>\n\t\t<\/div>\n\t\t\t\t\t\t<\/div>\n\t\t\t\t<\/div>\n\t\t\t\t<div class=\"elementor-element elementor-element-fbbb1cd elementor-widget elementor-widget-heading\" data-id=\"fbbb1cd\" data-element_type=\"widget\" data-widget_type=\"heading.default\">\n\t\t\t\t<div class=\"elementor-widget-container\">\n\t\t\t\t\t<h3 class=\"elementor-heading-title elementor-size-default\"><span style=\"letter-spacing: -0.4px;text-align: var(--text-align);background-color: var( --e-global-color-primary )\">Desarrollos a la medida<\/span><\/h3>\t\t\t\t<\/div>\n\t\t\t\t<\/div>\n\t\t\t\t<div class=\"elementor-element elementor-element-4c1fd54 elementor-widget elementor-widget-text-editor\" data-id=\"4c1fd54\" data-element_type=\"widget\" data-widget_type=\"text-editor.default\">\n\t\t\t\t<div class=\"elementor-widget-container\">\n\t\t\t\t\t\t\t\t\t<p>Nos especializamos en el an\u00e1lisis, dise\u00f1o, desarrollo e implementaci\u00f3n de sistemas en la industria privada y gubernamental en plataformas web, cliente\/servidor y m\u00f3viles.<br\/><br\/>&nbsp;<\/p>\t\t\t\t\t\t\t\t<\/div>\n\t\t\t\t<\/div>\n\t\t\t\t<div class=\"elementor-element elementor-element-f8fcb09 elementor-widget elementor-widget-button\" data-id=\"f8fcb09\" data-element_type=\"widget\" data-widget_type=\"button.default\">\n\t\t\t\t<div class=\"elementor-widget-container\">\n\t\t\t\t\t\t\t\t\t<div class=\"elementor-button-wrapper\">\n\t\t\t\t\t<a class=\"elementor-button elementor-button-link elementor-size-sm\" href=\"#\">\n\t\t\t\t\t\t<span class=\"elementor-button-content-wrapper\">\n\t\t\t\t\t\t\t\t\t<span class=\"elementor-button-text\">Conoce M\u00e1s<\/span>\n\t\t\t\t\t<\/span>\n\t\t\t\t\t<\/a>\n\t\t\t\t<\/div>\n\t\t\t\t\t\t\t\t<\/div>\n\t\t\t\t<\/div>\n\t\t\t\t\t<\/div>\n\t\t\t\t<\/div>\n\t\t<div class=\"elementor-element elementor-element-4c66497 e-flex e-con-boxed elementor-invisible e-con e-child\" data-id=\"4c66497\" data-element_type=\"container\" data-settings=\"{&quot;animation&quot;:&quot;fadeInUp&quot;,&quot;animation_delay&quot;:200,&quot;background_background&quot;:&quot;classic&quot;}\">\n\t\t\t\t\t<div class=\"e-con-inner\">\n\t\t\t\t<div class=\"elementor-element elementor-element-00d77f0 elementor-view-default elementor-widget elementor-widget-icon\" data-id=\"00d77f0\" data-element_type=\"widget\" data-widget_type=\"icon.default\">\n\t\t\t\t<div class=\"elementor-widget-container\">\n\t\t\t\t\t\t\t<div class=\"elementor-icon-wrapper\">\n\t\t\t<div class=\"elementor-icon\">\n\t\t\t<svg xmlns=\"http:\/\/www.w3.org\/2000\/svg\" width=\"56\" height=\"56\" viewBox=\"0 0 56 56\" fill=\"none\"><rect width=\"56\" height=\"56\" rx=\"10\" fill=\"#857FFF\"><\/rect><rect opacity=\"0.6\" x=\"6\" y=\"7\" width=\"19.6\" height=\"42\" rx=\"9.8\" fill=\"white\"><\/rect><rect x=\"29.8008\" y=\"7\" width=\"19.6\" height=\"19.6\" rx=\"9.8\" fill=\"white\"><\/rect><rect x=\"29.8008\" y=\"29.4004\" width=\"19.6\" height=\"19.6\" rx=\"9.8\" fill=\"white\"><\/rect><\/svg>\t\t\t<\/div>\n\t\t<\/div>\n\t\t\t\t\t\t<\/div>\n\t\t\t\t<\/div>\n\t\t\t\t<div class=\"elementor-element elementor-element-c520f51 elementor-widget elementor-widget-heading\" data-id=\"c520f51\" data-element_type=\"widget\" data-widget_type=\"heading.default\">\n\t\t\t\t<div class=\"elementor-widget-container\">\n\t\t\t\t\t<h3 class=\"elementor-heading-title elementor-size-default\"><span style=\"letter-spacing: -0.4px;text-align: var(--text-align);background-color: var( --e-global-color-primary )\">Integraci\u00f3n de soluciones<\/span><\/h3>\t\t\t\t<\/div>\n\t\t\t\t<\/div>\n\t\t\t\t<div class=\"elementor-element elementor-element-7713d96 elementor-widget elementor-widget-text-editor\" data-id=\"7713d96\" data-element_type=\"widget\" data-widget_type=\"text-editor.default\">\n\t\t\t\t<div class=\"elementor-widget-container\">\n\t\t\t\t\t\t\t\t\t<p>Te ayudamos a integrar tus soluciones existentes o de terceros para sacar el m\u00e1ximo provecho de tu infraestructura tecnol\u00f3gica, optimizando la forma en que las organizaciones gestionan sus operaciones e informaci\u00f3n.<br\/>&nbsp;<\/p>\t\t\t\t\t\t\t\t<\/div>\n\t\t\t\t<\/div>\n\t\t\t\t<div class=\"elementor-element elementor-element-8c2c067 elementor-widget elementor-widget-button\" data-id=\"8c2c067\" data-element_type=\"widget\" data-widget_type=\"button.default\">\n\t\t\t\t<div class=\"elementor-widget-container\">\n\t\t\t\t\t\t\t\t\t<div class=\"elementor-button-wrapper\">\n\t\t\t\t\t<a class=\"elementor-button elementor-button-link elementor-size-sm\" href=\"#\">\n\t\t\t\t\t\t<span class=\"elementor-button-content-wrapper\">\n\t\t\t\t\t\t\t\t\t<span class=\"elementor-button-text\">Conoce M\u00e1s<\/span>\n\t\t\t\t\t<\/span>\n\t\t\t\t\t<\/a>\n\t\t\t\t<\/div>\n\t\t\t\t\t\t\t\t<\/div>\n\t\t\t\t<\/div>\n\t\t\t\t\t<\/div>\n\t\t\t\t<\/div>\n\t\t<div class=\"elementor-element elementor-element-c9460ee e-flex e-con-boxed elementor-invisible e-con e-child\" data-id=\"c9460ee\" data-element_type=\"container\" data-settings=\"{&quot;animation&quot;:&quot;fadeInUp&quot;,&quot;animation_delay&quot;:300,&quot;background_background&quot;:&quot;classic&quot;}\">\n\t\t\t\t\t<div class=\"e-con-inner\">\n\t\t\t\t<div class=\"elementor-element elementor-element-65265f3 elementor-view-default elementor-widget elementor-widget-icon\" data-id=\"65265f3\" data-element_type=\"widget\" data-widget_type=\"icon.default\">\n\t\t\t\t<div class=\"elementor-widget-container\">\n\t\t\t\t\t\t\t<div class=\"elementor-icon-wrapper\">\n\t\t\t<div class=\"elementor-icon\">\n\t\t\t<svg xmlns=\"http:\/\/www.w3.org\/2000\/svg\" width=\"56\" height=\"56\" viewBox=\"0 0 56 56\" fill=\"none\"><rect width=\"56\" height=\"56\" rx=\"10\" fill=\"#F7802A\"><\/rect><rect opacity=\"0.6\" width=\"19.6\" height=\"42\" rx=\"9.8\" transform=\"matrix(-1 0 0 1 25.7998 7)\" fill=\"white\"><\/rect><rect width=\"19.6\" height=\"19.6\" rx=\"9.8\" transform=\"matrix(-1 0 0 1 49.4004 7)\" fill=\"white\"><\/rect><path d=\"M38.3213 31.8965C39.0244 30.7012 40.5752 30.7012 41.2783 31.8965L49.4988 45.8725C50.2853 47.2096 49.4389 49 48.0203 49H31.5793C30.1607 49 29.3143 47.2096 30.1008 45.8725L38.3213 31.8965Z\" fill=\"white\"><\/path><\/svg>\t\t\t<\/div>\n\t\t<\/div>\n\t\t\t\t\t\t<\/div>\n\t\t\t\t<\/div>\n\t\t\t\t<div class=\"elementor-element elementor-element-2b1f490 elementor-widget elementor-widget-heading\" data-id=\"2b1f490\" data-element_type=\"widget\" data-widget_type=\"heading.default\">\n\t\t\t\t<div class=\"elementor-widget-container\">\n\t\t\t\t\t<h3 class=\"elementor-heading-title elementor-size-default\"><span style=\"letter-spacing: -0.4px;text-align: var(--text-align);background-color: var( --e-global-color-primary )\">Productos de Software<\/span><\/h3>\t\t\t\t<\/div>\n\t\t\t\t<\/div>\n\t\t\t\t<div class=\"elementor-element elementor-element-5287ba3 elementor-widget elementor-widget-text-editor\" data-id=\"5287ba3\" data-element_type=\"widget\" data-widget_type=\"text-editor.default\">\n\t\t\t\t<div class=\"elementor-widget-container\">\n\t\t\t\t\t\t\t\t\t<p>Desarrollamos soluciones de software propietarias que hemos implementado con \u00e9xito en micro-negocios, franquicias y cadenas comerciales poniendo a la disposici\u00f3n una suite de caracter\u00edsticas potentes cuidadosamente desarrolladas.<\/p>\t\t\t\t\t\t\t\t<\/div>\n\t\t\t\t<\/div>\n\t\t\t\t<div class=\"elementor-element elementor-element-3613469 elementor-widget elementor-widget-button\" data-id=\"3613469\" data-element_type=\"widget\" data-widget_type=\"button.default\">\n\t\t\t\t<div class=\"elementor-widget-container\">\n\t\t\t\t\t\t\t\t\t<div class=\"elementor-button-wrapper\">\n\t\t\t\t\t<a class=\"elementor-button elementor-button-link elementor-size-sm\" href=\"#\">\n\t\t\t\t\t\t<span class=\"elementor-button-content-wrapper\">\n\t\t\t\t\t\t\t\t\t<span class=\"elementor-button-text\">Conoce M\u00e1s<\/span>\n\t\t\t\t\t<\/span>\n\t\t\t\t\t<\/a>\n\t\t\t\t<\/div>\n\t\t\t\t\t\t\t\t<\/div>\n\t\t\t\t<\/div>\n\t\t\t\t\t<\/div>\n\t\t\t\t<\/div>\n\t\t\t\t<\/div>\n\t\t\t\t\t<\/div>\n\t\t\t\t<\/div>\n\t\t<div class=\"elementor-element elementor-element-fb3cd2b e-flex e-con-boxed e-con e-parent\" data-id=\"fb3cd2b\" data-element_type=\"container\">\n\t\t\t\t\t<div class=\"e-con-inner\">\n\t\t<div class=\"elementor-element elementor-element-ea74af6 e-flex e-con-boxed e-con e-child\" data-id=\"ea74af6\" data-element_type=\"container\" data-settings=\"{&quot;background_background&quot;:&quot;classic&quot;}\">\n\t\t\t\t\t<div class=\"e-con-inner\">\n\t\t\t\t\t<\/div>\n\t\t\t\t<\/div>\n\t\t\t\t\t<\/div>\n\t\t\t\t<\/div>\n\t\t\t\t<\/div>\n\t\t","protected":false},"excerpt":{"rendered":"<p>Cultiva estrategias para ser efectivo y competitivo Todo lo que hacemos tiene un impacto profundo en nuestros clientes. Creamos soluciones centradas en nuestros clientes y sus empresas buscando la excelencia en cada producto o servicio ofrecido. Comencemos la conversaci\u00f3n Vasco de Gama 320, C.P. 20000Aguascalientes, Aguascalientes. contacto@omnisoft.com.mxventas@omnisoft.com.mx Consulta nuestros servicios [&hellip;]<\/p>\n","protected":false},"author":1,"featured_media":0,"parent":0,"menu_order":0,"comment_status":"closed","ping_status":"closed","template":"","meta":{"footnotes":""},"class_list":["post-2090","page","type-page","status-publish","hentry"],"_links":{"self":[{"href":"https:\/\/www.omnisoft.com.mx\/cms\/wp-json\/wp\/v2\/pages\/2090","targetHints":{"allow":["GET"]}}],"collection":[{"href":"https:\/\/www.omnisoft.com.mx\/cms\/wp-json\/wp\/v2\/pages"}],"about":[{"href":"https:\/\/www.omnisoft.com.mx\/cms\/wp-json\/wp\/v2\/types\/page"}],"author":[{"embeddable":true,"href":"https:\/\/www.omnisoft.com.mx\/cms\/wp-json\/wp\/v2\/users\/1"}],"replies":[{"embeddable":true,"href":"https:\/\/www.omnisoft.com.mx\/cms\/wp-json\/wp\/v2\/comments?post=2090"}],"version-history":[{"count":43,"href":"https:\/\/www.omnisoft.com.mx\/cms\/wp-json\/wp\/v2\/pages\/2090\/revisions"}],"predecessor-version":[{"id":2979,"href":"https:\/\/www.omnisoft.com.mx\/cms\/wp-json\/wp\/v2\/pages\/2090\/revisions\/2979"}],"wp:attachment":[{"href":"https:\/\/www.omnisoft.com.mx\/cms\/wp-json\/wp\/v2\/media?parent=2090"}],"curies":[{"name":"wp","href":"https:\/\/api.w.org\/{rel}","templated":true}]}}